{"id":6818,"date":"2025-07-06T20:12:13","date_gmt":"2025-07-06T20:12:13","guid":{"rendered":"https:\/\/transferbarcelonalux.com\/?page_id=6818"},"modified":"2025-07-14T15:52:40","modified_gmt":"2025-07-14T15:52:40","slug":"booking","status":"publish","type":"page","link":"https:\/\/transferbarcelonalux.com\/es\/booking\/","title":{"rendered":"Reserva tu traslado"},"content":{"rendered":"<div data-elementor-type=\"wp-page\" data-elementor-id=\"6818\" class=\"elementor elementor-6818\">\n\t\t\t\t<div class=\"elementor-element elementor-element-e95abc3 e-flex e-con-boxed e-con e-parent\" data-id=\"e95abc3\" data-element_type=\"container\" data-e-type=\"container\">\n\t\t\t\t\t<div class=\"e-con-inner\">\n\t\t\t\t<div class=\"elementor-element elementor-element-4375920 elementor-widget elementor-widget-heading\" data-id=\"4375920\" data-element_type=\"widget\" data-e-type=\"widget\" data-widget_type=\"heading.default\">\n\t\t\t\t\t<h2 class=\"elementor-heading-title elementor-size-default\">Despu\u00e9s de enviarlo, ser\u00e1 redirigido a la p\u00e1gina de WhatsApp para su confirmaci\u00f3n. Generar\u00e1 un mensaje con la informaci\u00f3n que se le ha proporcionado. Simplemente haga clic en enviar y no tenga miedo. <\/h2>\t\t\t\t<\/div>\n\t\t\t\t\t<\/div>\n\t\t\t\t<\/div>\n\t\t<div class=\"elementor-element elementor-element-458871c e-flex e-con-boxed e-con e-parent\" data-id=\"458871c\" data-element_type=\"container\" data-e-type=\"container\">\n\t\t\t\t\t<div class=\"e-con-inner\">\n\t\t\t\t<div class=\"elementor-element elementor-element-4f31e32 elementor-widget elementor-widget-shortcode\" data-id=\"4f31e32\" data-element_type=\"widget\" data-e-type=\"widget\" data-widget_type=\"shortcode.default\">\n\t\t\t\t\t\t\t<div class=\"elementor-shortcode\">\n<div class=\"wpcf7 no-js\" id=\"wpcf7-f6817-o1\" lang=\"en-US\" dir=\"ltr\" data-wpcf7-id=\"6817\">\n<div class=\"screen-reader-response\"><p role=\"status\" aria-live=\"polite\" aria-atomic=\"true\"><\/p> <ul><\/ul><\/div>\n<form action=\"\/es\/wp-json\/wp\/v2\/pages\/6818#wpcf7-f6817-o1\" method=\"post\" class=\"wpcf7-form init\" aria-label=\"Contacto\" novalidate=\"novalidate\" data-status=\"init\" data-trp-original-action=\"\/es\/wp-json\/wp\/v2\/pages\/6818#wpcf7-f6817-o1\">\n<fieldset class=\"hidden-fields-container\"><input type=\"hidden\" name=\"_wpcf7\" value=\"6817\" \/><input type=\"hidden\" name=\"_wpcf7_version\" value=\"6.1.5\" \/><input type=\"hidden\" name=\"_wpcf7_locale\" value=\"en_US\" \/><input type=\"hidden\" name=\"_wpcf7_unit_tag\" value=\"wpcf7-f6817-o1\" \/><input type=\"hidden\" name=\"_wpcf7_container_post\" value=\"0\" \/><input type=\"hidden\" name=\"_wpcf7_posted_data_hash\" value=\"\" \/><input type=\"hidden\" name=\"_eacf7_hidden_conditional_fields\" value=\"\" \/>\n<\/fieldset>\n<div class=\"eacf7-form-styler eacf7-form-styler-shadow\" data-styler=\"eyJzdHlsZVByZXNldCI6InNoYWRvdyJ9\" data-form_id=\"6817\"><div class=\"eacf7-form-6817\"><label class=\"inputText\">\n<span class=\"wpcf7-form-control-wrap\" data-name=\"your-name\"><input size=\"40\" maxlength=\"400\" class=\"wpcf7-form-control wpcf7-text floating-label\" aria-invalid=\"false\" placeholder=\"Nombre y apellidos\" value=\"\" type=\"text\" name=\"your-name\" \/><\/span>\n<\/label>\n\n<label>\n\n\t\t<span class=\"wpcf7-form-control-wrap\" data-name=\"tel-607\">\n\n\t\t\t<input type=\"tel\" class=\"wpcf7-form-control eacf7-phone\" name=\"tel-607\" aria-invalid=\"false\" aria-required=\"false\" \/>\n\n\t\t\t\t\t<\/span>\n\t\n<\/label> \n<label>\n<span class=\"wpcf7-form-control-wrap\" data-name=\"email-365\"><input size=\"40\" maxlength=\"400\" class=\"wpcf7-form-control wpcf7-email wpcf7-text wpcf7-validates-as-email\" aria-invalid=\"false\" placeholder=\"Email\" value=\"\" type=\"email\" name=\"email-365\" \/><\/span>\n<\/label> \n<label>\n\n\t\t<span class=\"wpcf7-form-control-wrap\" data-name=\"date_time-38\">\n\n\t\t\t<input type=\"text\" class=\"wpcf7-form-control eacf7-datetimepicker\" name=\"date_time-38\" aria-invalid=\"false\" aria-required=\"false\" data-format=\"Pickup date\" \/>\n\n\t\t\t\t\t<\/span>\n\t\n<\/label>\n\n<label>\n<span class=\"wpcf7-form-control-wrap\" data-name=\"pickup-from\"><input size=\"40\" maxlength=\"400\" class=\"wpcf7-form-control wpcf7-text\" aria-invalid=\"false\" placeholder=\"Lugar de recogida\" value=\"\" type=\"text\" name=\"pickup-from\" \/><\/span>\n<\/label>\n\n<label>\n<span class=\"wpcf7-form-control-wrap\" data-name=\"drop-loc\"><input size=\"40\" maxlength=\"400\" class=\"wpcf7-form-control wpcf7-text\" aria-invalid=\"false\" placeholder=\"Ubicaci\u00f3n de entrega\" value=\"\" type=\"text\" name=\"drop-loc\" \/><\/span>\n<\/label>\n\nVarias ubicaciones &nbsp;   \n<span class=\"wpcf7-form-control-wrap\" data-name=\"select-76\"><select class=\"wpcf7-form-control wpcf7-select small-select\" aria-invalid=\"false\" name=\"select-76\"><option value=\"No\">No<\/option><option value=\"Yes\">Si<\/option><\/select><\/span>\n\n<br>\n<br>\n\n<div class=\"conditional conditional-701\">\n\n<label>\n<span class=\"wpcf7-form-control-wrap\" data-name=\"drop-loc2\"><input size=\"40\" maxlength=\"400\" class=\"wpcf7-form-control wpcf7-text\" aria-invalid=\"false\" placeholder=\"Ubicaci\u00f3n de entrega 2\" value=\"\" type=\"text\" name=\"drop-loc2\" \/><\/span>\n<\/label>\n\n<label>\n<span class=\"wpcf7-form-control-wrap\" data-name=\"drop-loc3\"><input size=\"40\" maxlength=\"400\" class=\"wpcf7-form-control wpcf7-text\" aria-invalid=\"false\" placeholder=\"Ubicaci\u00f3n de entrega 3\" value=\"\" type=\"text\" name=\"drop-loc3\" \/><\/span>\n<\/label>\n\n<label>\n<span class=\"wpcf7-form-control-wrap\" data-name=\"drop-loc4\"><input size=\"40\" maxlength=\"400\" class=\"wpcf7-form-control wpcf7-text\" aria-invalid=\"false\" placeholder=\"Ubicaci\u00f3n de entrega 4\" value=\"\" type=\"text\" name=\"drop-loc4\" \/><\/span>\n<\/label>\n\n<\/div>\n\n\nPasajeros\n<span class=\"wpcf7-form-control-wrap\" data-name=\"select-169\"><select class=\"wpcf7-form-control wpcf7-select small-select\" aria-invalid=\"false\" name=\"select-169\"><option value=\"1\">1<\/option><option value=\"2\">2<\/option><option value=\"3\">3<\/option><option value=\"4\">4<\/option><option value=\"5\">5<\/option><option value=\"6\">6<\/option><option value=\"7\">7<\/option><option value=\"8 or more\">8 o m\u00e1s<\/option><\/select><\/span>\n<br>\n<br>\n\nViaje de vuelta &nbsp;   \n<span class=\"wpcf7-form-control-wrap\" data-name=\"select-75\"><select class=\"wpcf7-form-control wpcf7-select small-select\" aria-invalid=\"false\" name=\"select-75\"><option value=\"No\">No<\/option><option value=\"Yes\">Si<\/option><\/select><\/span>\n\n\n<br>\n<br>\n<input class=\"wpcf7-form-control wpcf7-submit has-spinner btn ts-form-submit\" type=\"submit\" value=\"Enviar\" \/>\n<br>\n<br>\n\n<span class=\"wpcf7-form-control-wrap kc_captcha\" data-name=\"kc_captcha\"><span class=\"wpcf7-form-control wpcf7-radio\"><span class=\"captcha-image\" ><span class=\"cf7ic_instructions\">Please prove you are human by selecting the<span> cup<\/span>.<\/span><label><input aria-label=\"1\" type=\"radio\" name=\"kc_captcha\" value=\"bot\" \/><svg aria-hidden=\"true\" role=\"img\" xmlns=\"http:\/\/www.w3.org\/2000\/svg\" viewbox=\"0 0 576 512\"><path fill=\"currentColor\" d=\"M488 313v143c0 13-11 24-24 24H348c-7 0-12-5-12-12V356c0-7-5-12-12-12h-72c-7 0-12 5-12 12v112c0 7-5 12-12 12H112c-13 0-24-11-24-24V313c0-4 2-7 4-10l188-154c5-4 11-4 16 0l188 154c2 3 4 6 4 10zm84-61l-84-69V44c0-6-5-12-12-12h-56c-7 0-12 6-12 12v73l-89-74a48 48 0 00-61 0L4 252c-5 4-5 12-1 17l25 31c5 5 12 5 17 1l235-193c5-4 11-4 16 0l235 193c5 5 13 4 17-1l25-31c4-6 4-13-1-17z\"\/><\/svg><\/label><label><input aria-label=\"2\" type=\"radio\" name=\"kc_captcha\" value=\"bot\" \/><svg aria-hidden=\"true\" role=\"img\" xmlns=\"http:\/\/www.w3.org\/2000\/svg\" viewbox=\"0 0 576 512\"><path fill=\"currentColor\" d=\"M259 18l-65 132-146 22c-26 3-37 36-18 54l106 103-25 146c-5 26 23 46 46 33l131-68 131 68c23 13 51-7 46-33l-25-146 106-103c19-18 8-51-18-54l-146-22-65-132a32 32 0 00-58 0z\"\/><\/svg><\/label><label><input aria-label=\"3\" type=\"radio\" name=\"kc_captcha\" value=\"kc_human\" \/><svg aria-hidden=\"true\" role=\"img\" xmlns=\"http:\/\/www.w3.org\/2000\/svg\" viewbox=\"0 0 640 512\"><path fill=\"currentColor\" d=\"M192 384h192c53 0 96-43 96-96h32a128 128 0 000-256H120c-13 0-24 11-24 24v232c0 53 43 96 96 96zM512 96a64 64 0 010 128h-32V96h32zm48 384H48c-47 0-61-64-36-64h584c25 0 11 64-36 64z\"\/><\/svg><\/label>\r\n    <\/span>\r\n    <span style=\"display:none\">\r\n        <input type=\"text\" name=\"kc_honeypot\">\r\n    <\/span><\/span><\/span><\/div><\/div><div class=\"wpcf7-response-output\" aria-hidden=\"true\"><\/div>\n<input type=\"hidden\" name=\"trp-form-language\" value=\"es\"\/><\/form>\n<\/div>\n\n<br><br><\/div>\n\t\t\t\t\t\t<\/div>\n\t\t\t\t\t<\/div>\n\t\t\t\t<\/div>\n\t\t\t\t<\/div>","protected":false},"excerpt":{"rendered":"<p>After submitting you will be redirected to whatsapp page for confirmation. It will generate message with information you&#8217;ve been provided. Just click send and don&#8217;t be affraid.<\/p>","protected":false},"author":1,"featured_media":0,"parent":0,"menu_order":0,"comment_status":"closed","ping_status":"closed","template":"","meta":{"footnotes":""},"class_list":["post-6818","page","type-page","status-publish","hentry"],"yoast_head":"<!-- This site is optimized with the Yoast SEO plugin v27.4 - https:\/\/yoast.com\/product\/yoast-seo-wordpress\/ -->\n<title>Booking - Transfer Barcelona lux car<\/title>\n<meta name=\"robots\" content=\"index, follow, max-snippet:-1, max-image-preview:large, max-video-preview:-1\" \/>\n<link rel=\"canonical\" href=\"https:\/\/transferbarcelonalux.com\/es\/booking\/\" \/>\n<meta property=\"og:locale\" content=\"es_ES\" \/>\n<meta property=\"og:type\" content=\"article\" \/>\n<meta property=\"og:title\" content=\"Booking - Transfer Barcelona lux car\" \/>\n<meta property=\"og:description\" content=\"After submitting you will be redirected to whatsapp page for confirmation. It will generate message with information you&#8217;ve been provided. Just click send and don&#8217;t be affraid.\" \/>\n<meta property=\"og:url\" content=\"https:\/\/transferbarcelonalux.com\/es\/booking\/\" \/>\n<meta property=\"og:site_name\" content=\"Transfer Barcelona lux car\" \/>\n<meta property=\"article:modified_time\" content=\"2025-07-14T15:52:40+00:00\" \/>\n<meta name=\"twitter:card\" content=\"summary_large_image\" \/>\n<script type=\"application\/ld+json\" class=\"yoast-schema-graph\">{\"@context\":\"https:\\\/\\\/schema.org\",\"@graph\":[{\"@type\":\"WebPage\",\"@id\":\"https:\\\/\\\/transferbarcelonalux.com\\\/es\\\/booking\\\/\",\"url\":\"https:\\\/\\\/transferbarcelonalux.com\\\/es\\\/booking\\\/\",\"name\":\"Booking - Transfer Barcelona lux car\",\"isPartOf\":{\"@id\":\"https:\\\/\\\/transferbarcelonalux.com\\\/es\\\/#website\"},\"datePublished\":\"2025-07-06T20:12:13+00:00\",\"dateModified\":\"2025-07-14T15:52:40+00:00\",\"breadcrumb\":{\"@id\":\"https:\\\/\\\/transferbarcelonalux.com\\\/es\\\/booking\\\/#breadcrumb\"},\"inLanguage\":\"es\",\"potentialAction\":[{\"@type\":\"ReadAction\",\"target\":[\"https:\\\/\\\/transferbarcelonalux.com\\\/es\\\/booking\\\/\"]}]},{\"@type\":\"BreadcrumbList\",\"@id\":\"https:\\\/\\\/transferbarcelonalux.com\\\/es\\\/booking\\\/#breadcrumb\",\"itemListElement\":[{\"@type\":\"ListItem\",\"position\":1,\"name\":\"Home\",\"item\":\"https:\\\/\\\/transferbarcelonalux.com\\\/\"},{\"@type\":\"ListItem\",\"position\":2,\"name\":\"Booking\"}]},{\"@type\":\"WebSite\",\"@id\":\"https:\\\/\\\/transferbarcelonalux.com\\\/es\\\/#website\",\"url\":\"https:\\\/\\\/transferbarcelonalux.com\\\/es\\\/\",\"name\":\"Transfer Barcelona lux\",\"description\":\"Your transfer across Barcelona\",\"alternateName\":\"Your lux transfer in Barcelona\",\"potentialAction\":[{\"@type\":\"SearchAction\",\"target\":{\"@type\":\"EntryPoint\",\"urlTemplate\":\"https:\\\/\\\/transferbarcelonalux.com\\\/es\\\/?s={search_term_string}\"},\"query-input\":{\"@type\":\"PropertyValueSpecification\",\"valueRequired\":true,\"valueName\":\"search_term_string\"}}],\"inLanguage\":\"es\"}]}<\/script>\n<!-- \/ Yoast SEO plugin. -->","yoast_head_json":{"title":"Booking - Transfer Barcelona lux car","robots":{"index":"index","follow":"follow","max-snippet":"max-snippet:-1","max-image-preview":"max-image-preview:large","max-video-preview":"max-video-preview:-1"},"canonical":"https:\/\/transferbarcelonalux.com\/es\/booking\/","og_locale":"es_ES","og_type":"article","og_title":"Booking - Transfer Barcelona lux car","og_description":"After submitting you will be redirected to whatsapp page for confirmation. It will generate message with information you&#8217;ve been provided. Just click send and don&#8217;t be affraid.","og_url":"https:\/\/transferbarcelonalux.com\/es\/booking\/","og_site_name":"Transfer Barcelona lux car","article_modified_time":"2025-07-14T15:52:40+00:00","twitter_card":"summary_large_image","schema":{"@context":"https:\/\/schema.org","@graph":[{"@type":"WebPage","@id":"https:\/\/transferbarcelonalux.com\/es\/booking\/","url":"https:\/\/transferbarcelonalux.com\/es\/booking\/","name":"Booking - Transfer Barcelona lux car","isPartOf":{"@id":"https:\/\/transferbarcelonalux.com\/es\/#website"},"datePublished":"2025-07-06T20:12:13+00:00","dateModified":"2025-07-14T15:52:40+00:00","breadcrumb":{"@id":"https:\/\/transferbarcelonalux.com\/es\/booking\/#breadcrumb"},"inLanguage":"es","potentialAction":[{"@type":"ReadAction","target":["https:\/\/transferbarcelonalux.com\/es\/booking\/"]}]},{"@type":"BreadcrumbList","@id":"https:\/\/transferbarcelonalux.com\/es\/booking\/#breadcrumb","itemListElement":[{"@type":"ListItem","position":1,"name":"Home","item":"https:\/\/transferbarcelonalux.com\/"},{"@type":"ListItem","position":2,"name":"Booking"}]},{"@type":"WebSite","@id":"https:\/\/transferbarcelonalux.com\/es\/#website","url":"https:\/\/transferbarcelonalux.com\/es\/","name":"Transfer Barcelona lux","description":"Your transfer across Barcelona","alternateName":"Your lux transfer in Barcelona","potentialAction":[{"@type":"SearchAction","target":{"@type":"EntryPoint","urlTemplate":"https:\/\/transferbarcelonalux.com\/es\/?s={search_term_string}"},"query-input":{"@type":"PropertyValueSpecification","valueRequired":true,"valueName":"search_term_string"}}],"inLanguage":"es"}]}},"_links":{"self":[{"href":"https:\/\/transferbarcelonalux.com\/es\/wp-json\/wp\/v2\/pages\/6818","targetHints":{"allow":["GET"]}}],"collection":[{"href":"https:\/\/transferbarcelonalux.com\/es\/wp-json\/wp\/v2\/pages"}],"about":[{"href":"https:\/\/transferbarcelonalux.com\/es\/wp-json\/wp\/v2\/types\/page"}],"author":[{"embeddable":true,"href":"https:\/\/transferbarcelonalux.com\/es\/wp-json\/wp\/v2\/users\/1"}],"replies":[{"embeddable":true,"href":"https:\/\/transferbarcelonalux.com\/es\/wp-json\/wp\/v2\/comments?post=6818"}],"version-history":[{"count":45,"href":"https:\/\/transferbarcelonalux.com\/es\/wp-json\/wp\/v2\/pages\/6818\/revisions"}],"predecessor-version":[{"id":7107,"href":"https:\/\/transferbarcelonalux.com\/es\/wp-json\/wp\/v2\/pages\/6818\/revisions\/7107"}],"wp:attachment":[{"href":"https:\/\/transferbarcelonalux.com\/es\/wp-json\/wp\/v2\/media?parent=6818"}],"curies":[{"name":"wp","href":"https:\/\/api.w.org\/{rel}","templated":true}]}}