{"id":7316,"date":"2025-07-18T13:17:52","date_gmt":"2025-07-18T13:17:52","guid":{"rendered":"https:\/\/transferbarcelonalux.com\/?page_id=7316"},"modified":"2025-08-18T14:09:50","modified_gmt":"2025-08-18T14:09:50","slug":"tarragona-travel-guide-roman-heritage-mediterranean-views","status":"publish","type":"page","link":"https:\/\/transferbarcelonalux.com\/es\/tarragona-travel-guide-roman-heritage-mediterranean-views\/","title":{"rendered":"Gu\u00eda de viaje de Tarragona: patrimonio romano y vistas mediterr\u00e1neas"},"content":{"rendered":"<p data-start=\"799\" data-end=\"1084\">\u00bfEst\u00e1s planeando un viaje m\u00e1s all\u00e1 de Barcelona? Entonces Tarragona deber\u00eda estar en lo m\u00e1s alto de tu lista. A solo 100 km al sur, esta ciudad mediterr\u00e1nea es una mezcla de ruinas romanas, playas doradas y una cultura llena de vida. La forma m\u00e1s c\u00f3moda de llegar es reservando un <strong data-start=\"1038\" data-end=\"1081\">Traslado privado de Barcelona a Tarragona<\/strong>.<\/p>\n<p data-start=\"1086\" data-end=\"1299\">Como antigua capital de la Hispania romana, Tarragona est\u00e1 repleta de lugares declarados Patrimonio de la Humanidad por la UNESCO. Adem\u00e1s, su encantador casco antiguo y sus impresionantes vistas al mar la convierten en una de las excursiones de un d\u00eda m\u00e1s gratificantes de Catalu\u00f1a.<\/p>\n<hr data-start=\"1301\" data-end=\"1304\" \/>\n<h2 data-start=\"1306\" data-end=\"1331\">\u00bfPor qu\u00e9 visitar Tarragona?<\/h2>\n<p data-start=\"1332\" data-end=\"1537\">Tarragona ofrece algo para cada tipo de viajero. Para los amantes de la historia, es un museo viviente de arquitectura antigua. Los amantes de la playa, por otro lado, disfrutan de las doradas arenas de la <strong data-start=\"1517\" data-end=\"1534\">Costa Dorada<\/strong>.<\/p>\n<p data-start=\"1539\" data-end=\"1736\">Adem\u00e1s, los amantes de la gastronom\u00eda pueden degustar excelentes mariscos maridados con vinos catalanes. Por lo tanto, Tarragona es m\u00e1s que una parada r\u00e1pida: es un destino donde la historia y el ocio se combinan a la perfecci\u00f3n.<\/p>\n<hr data-start=\"1738\" data-end=\"1741\" \/>\n<h2 data-start=\"1743\" data-end=\"1778\">Lo mejor que ver en Tarragona<\/h2>\n<h3 data-start=\"1780\" data-end=\"1804\">Anfiteatro Romano<\/h3>\n<p data-start=\"1805\" data-end=\"2059\">Situado junto al Mediterr\u00e1neo, el <strong data-start=\"1843\" data-end=\"1865\">Anfiteatro Romano<\/strong> es el monumento m\u00e1s impresionante de la ciudad. Construido en el siglo II d. C., en su d\u00eda fue escenario de combates de gladiadores. Adem\u00e1s, su espectacular ubicaci\u00f3n junto al mar lo convierte en uno de los yacimientos romanos m\u00e1s memorables de Espa\u00f1a.<\/p>\n<h3 data-start=\"2061\" data-end=\"2098\">El circo romano y el pretorio<\/h3>\n<p data-start=\"2099\" data-end=\"2349\">Igualmente fascinante es el <strong data-start=\"2126\" data-end=\"2142\">Circo romano<\/strong>, donde emocionantes carreras de carros entreten\u00edan a miles de personas. Hoy en d\u00eda, los visitantes pueden recorrer sus pasadizos subterr\u00e1neos conservados. Adem\u00e1s, en las inmediaciones se encuentra el <strong data-start=\"2290\" data-end=\"2310\">Torre Pretorio<\/strong> ofrece unas vistas panor\u00e1micas de la ciudad.<\/p>\n<h3 data-start=\"2351\" data-end=\"2376\">Catedral de Tarragona<\/h3>\n<p data-start=\"2377\" data-end=\"2643\">Elev\u00e1ndose sobre el casco antiguo, el <strong data-start=\"2408\" data-end=\"2436\">Catedral de Santa Tecla<\/strong> muestra una mezcla de estilos rom\u00e1nico y g\u00f3tico. Los claustros, decorados con capiteles tallados, son especialmente impresionantes. Como resultado, se ha convertido en una visita obligada para los viajeros que buscan tanto historia como arte.<\/p>\n<h3 data-start=\"2645\" data-end=\"2674\">Balc\u00f3n del Mediterr\u00e1neo<\/h3>\n<p data-start=\"2675\" data-end=\"2908\">Situado al final de la Rambla Nova, el <strong data-start=\"2718\" data-end=\"2750\">Balc\u00f3n del Mediterr\u00e1neo<\/strong> Es uno de los miradores favoritos de la zona. Desde aqu\u00ed se puede admirar el mar, el puerto y las playas. Adem\u00e1s, se cree que tocar la barandilla de hierro trae buena suerte.<\/p>\n<h3 data-start=\"2910\" data-end=\"2951\">Murallas romanas y paseo arqueol\u00f3gico<\/h3>\n<p data-start=\"2952\" data-end=\"3167\">Por \u00faltimo, el <strong data-start=\"2965\" data-end=\"2987\">antiguas murallas de la ciudad<\/strong>\u2014algunas de ellas datan del siglo III a. C.\u2014te invitan a dar un fascinante paseo. Por lo tanto, es un lugar de gran importancia hist\u00f3rica y visualmente gratificante, especialmente para los amantes de la fotograf\u00eda.<\/p>\n<hr data-start=\"3169\" data-end=\"3172\" \/>\n<h2 data-start=\"3174\" data-end=\"3217\">C\u00f3mo llegar a Tarragona desde Barcelona<\/h2>\n<p data-start=\"3218\" data-end=\"3246\">Hay varias opciones:<\/p>\n<ul data-start=\"3248\" data-end=\"3406\">\n<li data-start=\"3248\" data-end=\"3289\">\n<p data-start=\"3250\" data-end=\"3289\"><strong data-start=\"3250\" data-end=\"3263\">En tren:<\/strong> R\u00e1pido, pero a menudo abarrotado.<\/p>\n<\/li>\n<li data-start=\"3290\" data-end=\"3351\">\n<p data-start=\"3292\" data-end=\"3351\"><strong data-start=\"3292\" data-end=\"3303\">En autob\u00fas:<\/strong> Asequible pero lento, normalmente m\u00e1s de 90 minutos.<\/p>\n<\/li>\n<li data-start=\"3352\" data-end=\"3406\">\n<p data-start=\"3354\" data-end=\"3406\"><strong data-start=\"3354\" data-end=\"3365\">En coche:<\/strong> Flexible, pero estresante debido al estacionamiento.<\/p>\n<\/li>\n<\/ul>\n<p data-start=\"3408\" data-end=\"3585\">\ud83d\udc49 Para mayor comodidad, nada se compara con un <strong data-start=\"3443\" data-end=\"3486\">Traslado privado de Barcelona a Tarragona<\/strong>. Con un servicio puerta a puerta y veh\u00edculos c\u00f3modos, llegar\u00e1s relajado y listo para explorar.<\/p>\n<hr data-start=\"3587\" data-end=\"3590\" \/>\n<h2 data-start=\"3592\" data-end=\"3631\">Reserve su traslado privado con nosotros<\/h2>\n<p data-start=\"3632\" data-end=\"3747\">En <strong data-start=\"3635\" data-end=\"3661\">Traslado Barcelona Lux<\/strong>Nos especializamos en viajes fiables por toda Catalu\u00f1a. Al elegir nuestro servicio, te garantizamos:<\/p>\n<ul data-start=\"3749\" data-end=\"3881\">\n<li data-start=\"3749\" data-end=\"3782\">\n<p data-start=\"3751\" data-end=\"3782\">\u2705 Conductores profesionales locales<\/p>\n<\/li>\n<li data-start=\"3783\" data-end=\"3818\">\n<p data-start=\"3785\" data-end=\"3818\">\u2705 Veh\u00edculos modernos con capacidad para hasta 7 pasajeros.<\/p>\n<\/li>\n<li data-start=\"3819\" data-end=\"3850\">\n<p data-start=\"3821\" data-end=\"3850\">\u2705 Precios fijos y transparentes<\/p>\n<\/li>\n<li data-start=\"3851\" data-end=\"3881\">\n<p data-start=\"3853\" data-end=\"3881\">\u2705 Opciones de reserva flexibles<\/p>\n<\/li>\n<\/ul>\n<p data-start=\"3883\" data-end=\"4063\">\ud83d\udc49 M\u00e1s informaci\u00f3n sobre nuestro <a class=\"cursor-pointer\" target=\"_new\" rel=\"noopener\" data-start=\"3907\" data-end=\"3978\">Traslados al aeropuerto<\/a> o reserve directamente en nuestra <a class=\"cursor-pointer\" target=\"_new\" rel=\"noopener\" data-start=\"4003\" data-end=\"4060\">P\u00e1gina de reservas<\/a>.<\/p>\n<hr data-start=\"4065\" data-end=\"4068\" \/>\n<h2 data-start=\"4415\" data-end=\"4450\">Enlaces externos para inspirarse<\/h2>\n<p data-start=\"4451\" data-end=\"4491\">\u00bfQuieres preparar tu visita? Echa un vistazo a:<\/p>\n<ul data-start=\"4492\" data-end=\"4633\">\n<li data-start=\"4492\" data-end=\"4558\">\n<p data-start=\"4494\" data-end=\"4558\"><a class=\"cursor-pointer\" href=\"https:\/\/www.tarragonaturisme.cat\/en\" target=\"_new\" rel=\"noopener\" data-start=\"4494\" data-end=\"4556\">Oficina de Turismo de Tarragona<\/a><\/p>\n<\/li>\n<li data-start=\"4559\" data-end=\"4633\">\n<p data-start=\"4561\" data-end=\"4633\"><a class=\"cursor-pointer\" href=\"https:\/\/whc.unesco.org\/en\/list\/875\/\" target=\"_new\" rel=\"noopener\" data-start=\"4561\" data-end=\"4631\">Patrimonio Mundial de la UNESCO \u2013 Tarraco<\/a><\/p>\n<\/li>\n<\/ul>\n<p><img fetchpriority=\"high\" decoding=\"async\" class=\"alignnone size-large wp-image-7318\" src=\"https:\/\/transferbarcelonalux.com\/wp-content\/uploads\/2025\/08\/Archaeological-Ensemble-of-Tarraco-1024x538.jpg\" alt=\"Archaeological Ensemble of Tarraco\" width=\"950\" height=\"499\" srcset=\"https:\/\/transferbarcelonalux.com\/wp-content\/uploads\/2025\/08\/Archaeological-Ensemble-of-Tarraco-1024x538.jpg 1024w, https:\/\/transferbarcelonalux.com\/wp-content\/uploads\/2025\/08\/Archaeological-Ensemble-of-Tarraco-300x158.jpg 300w, https:\/\/transferbarcelonalux.com\/wp-content\/uploads\/2025\/08\/Archaeological-Ensemble-of-Tarraco-18x9.jpg 18w, https:\/\/transferbarcelonalux.com\/wp-content\/uploads\/2025\/08\/Archaeological-Ensemble-of-Tarraco.jpg 1200w\" sizes=\"(max-width: 950px) 100vw, 950px\" \/><\/p>\n<hr data-start=\"4635\" data-end=\"4638\" \/>\n<h2 data-start=\"4640\" data-end=\"4655\">Conclusi\u00f3n<\/h2>\n<p data-start=\"4656\" data-end=\"4839\">Tarragona es m\u00e1s que una simple ciudad costera: es un museo viviente de la historia romana. Desde el anfiteatro junto al mar hasta su catedral y sus calles medievales, cada rinc\u00f3n cuenta una historia.<\/p>\n<p data-start=\"4841\" data-end=\"5003\">La forma m\u00e1s f\u00e1cil de comenzar tu aventura es con un <strong data-start=\"4891\" data-end=\"4934\">Traslado privado de Barcelona a Tarragona<\/strong>. Olv\u00eddate de los trenes abarrotados y disfruta de un viaje tranquilo y c\u00f3modo.<\/p>\n<p data-start=\"5005\" data-end=\"5074\">\ud83d\udc49 <strong data-start=\"5008\" data-end=\"5036\">Reserve su traslado hoy mismo.<\/strong> y descubre Tarragona sin estr\u00e9s.<\/p>","protected":false},"excerpt":{"rendered":"<p>Planning a trip beyond Barcelona? Then Tarragona should be at the top of your list. Just 100 km south, this Mediterranean city is a mix of Roman ruins, golden beaches, and lively culture. The most comfortable way to arrive is by booking a private transfer Barcelona to Tarragona. As the former capital of Roman Hispania, &hellip; <\/p>\n<p class=\"link-more\"><a href=\"https:\/\/transferbarcelonalux.com\/es\/tarragona-travel-guide-roman-heritage-mediterranean-views\/\" class=\"more-link\">Leer m\u00e1s<span class=\"screen-reader-text\"> \u00abTarragona Travel Guide \u2013 Roman Heritage &#038; Mediterranean Views\u00bb<\/span><\/a><\/p>","protected":false},"author":3,"featured_media":7317,"parent":0,"menu_order":0,"comment_status":"closed","ping_status":"closed","template":"","meta":{"footnotes":""},"class_list":["post-7316","page","type-page","status-publish","has-post-thumbnail","hentry"],"yoast_head":"<!-- This site is optimized with the Yoast SEO plugin v27.4 - https:\/\/yoast.com\/product\/yoast-seo-wordpress\/ -->\n<title>Tarragona Travel Guide \u2013 Roman Heritage &amp; Mediterranean Views - Transfer Barcelona lux car<\/title>\n<meta name=\"description\" content=\"Transfer Barcelona to Tarragona with ease. Discover the Roman amphitheater, cathedral, and Mediterranean views, then book your private ride\" \/>\n<meta name=\"robots\" content=\"index, follow, max-snippet:-1, max-image-preview:large, max-video-preview:-1\" \/>\n<link rel=\"canonical\" href=\"https:\/\/transferbarcelonalux.com\/es\/tarragona-travel-guide-roman-heritage-mediterranean-views\/\" \/>\n<meta property=\"og:locale\" content=\"es_ES\" \/>\n<meta property=\"og:type\" content=\"article\" \/>\n<meta property=\"og:title\" content=\"Tarragona Travel Guide \u2013 Roman Heritage &amp; Mediterranean Views - Transfer Barcelona lux car\" \/>\n<meta property=\"og:description\" content=\"Transfer Barcelona to Tarragona with ease. Discover the Roman amphitheater, cathedral, and Mediterranean views, then book your private ride\" \/>\n<meta property=\"og:url\" content=\"https:\/\/transferbarcelonalux.com\/es\/tarragona-travel-guide-roman-heritage-mediterranean-views\/\" \/>\n<meta property=\"og:site_name\" content=\"Transfer Barcelona lux car\" \/>\n<meta property=\"article:modified_time\" content=\"2025-08-18T14:09:50+00:00\" \/>\n<meta property=\"og:image\" content=\"https:\/\/transferbarcelonalux.com\/wp-content\/uploads\/2025\/08\/Tarragona-Anfiteatro-romano.webp\" \/>\n\t<meta property=\"og:image:width\" content=\"1200\" \/>\n\t<meta property=\"og:image:height\" content=\"800\" \/>\n\t<meta property=\"og:image:type\" content=\"image\/webp\" \/>\n<meta name=\"twitter:card\" content=\"summary_large_image\" \/>\n<meta name=\"twitter:label1\" content=\"Tiempo de lectura\" \/>\n\t<meta name=\"twitter:data1\" content=\"3 minutos\" \/>\n<script type=\"application\/ld+json\" class=\"yoast-schema-graph\">{\"@context\":\"https:\\\/\\\/schema.org\",\"@graph\":[{\"@type\":\"WebPage\",\"@id\":\"https:\\\/\\\/transferbarcelonalux.com\\\/tarragona-travel-guide-roman-heritage-mediterranean-views\\\/\",\"url\":\"https:\\\/\\\/transferbarcelonalux.com\\\/tarragona-travel-guide-roman-heritage-mediterranean-views\\\/\",\"name\":\"Tarragona Travel Guide \u2013 Roman Heritage & Mediterranean Views - Transfer Barcelona lux car\",\"isPartOf\":{\"@id\":\"https:\\\/\\\/transferbarcelonalux.com\\\/es\\\/#website\"},\"primaryImageOfPage\":{\"@id\":\"https:\\\/\\\/transferbarcelonalux.com\\\/tarragona-travel-guide-roman-heritage-mediterranean-views\\\/#primaryimage\"},\"image\":{\"@id\":\"https:\\\/\\\/transferbarcelonalux.com\\\/tarragona-travel-guide-roman-heritage-mediterranean-views\\\/#primaryimage\"},\"thumbnailUrl\":\"https:\\\/\\\/transferbarcelonalux.com\\\/wp-content\\\/uploads\\\/2025\\\/08\\\/Tarragona-Anfiteatro-romano.webp\",\"datePublished\":\"2025-07-18T13:17:52+00:00\",\"dateModified\":\"2025-08-18T14:09:50+00:00\",\"description\":\"Transfer Barcelona to Tarragona with ease. Discover the Roman amphitheater, cathedral, and Mediterranean views, then book your private ride\",\"breadcrumb\":{\"@id\":\"https:\\\/\\\/transferbarcelonalux.com\\\/tarragona-travel-guide-roman-heritage-mediterranean-views\\\/#breadcrumb\"},\"inLanguage\":\"es\",\"potentialAction\":[{\"@type\":\"ReadAction\",\"target\":[\"https:\\\/\\\/transferbarcelonalux.com\\\/tarragona-travel-guide-roman-heritage-mediterranean-views\\\/\"]}]},{\"@type\":\"ImageObject\",\"inLanguage\":\"es\",\"@id\":\"https:\\\/\\\/transferbarcelonalux.com\\\/tarragona-travel-guide-roman-heritage-mediterranean-views\\\/#primaryimage\",\"url\":\"https:\\\/\\\/transferbarcelonalux.com\\\/wp-content\\\/uploads\\\/2025\\\/08\\\/Tarragona-Anfiteatro-romano.webp\",\"contentUrl\":\"https:\\\/\\\/transferbarcelonalux.com\\\/wp-content\\\/uploads\\\/2025\\\/08\\\/Tarragona-Anfiteatro-romano.webp\",\"width\":1200,\"height\":800,\"caption\":\"Transfer Barcelona to Tarragona \u2013 Roman Amphitheater by the sea\"},{\"@type\":\"BreadcrumbList\",\"@id\":\"https:\\\/\\\/transferbarcelonalux.com\\\/tarragona-travel-guide-roman-heritage-mediterranean-views\\\/#breadcrumb\",\"itemListElement\":[{\"@type\":\"ListItem\",\"position\":1,\"name\":\"Home\",\"item\":\"https:\\\/\\\/transferbarcelonalux.com\\\/\"},{\"@type\":\"ListItem\",\"position\":2,\"name\":\"Tarragona Travel Guide \u2013 Roman Heritage &#038; Mediterranean Views\"}]},{\"@type\":\"WebSite\",\"@id\":\"https:\\\/\\\/transferbarcelonalux.com\\\/es\\\/#website\",\"url\":\"https:\\\/\\\/transferbarcelonalux.com\\\/es\\\/\",\"name\":\"Transfer Barcelona lux\",\"description\":\"Your transfer across Barcelona\",\"alternateName\":\"Your lux transfer in Barcelona\",\"potentialAction\":[{\"@type\":\"SearchAction\",\"target\":{\"@type\":\"EntryPoint\",\"urlTemplate\":\"https:\\\/\\\/transferbarcelonalux.com\\\/es\\\/?s={search_term_string}\"},\"query-input\":{\"@type\":\"PropertyValueSpecification\",\"valueRequired\":true,\"valueName\":\"search_term_string\"}}],\"inLanguage\":\"es\"}]}<\/script>\n<!-- \/ Yoast SEO plugin. -->","yoast_head_json":{"title":"Tarragona Travel Guide \u2013 Roman Heritage & Mediterranean Views - Transfer Barcelona lux car","description":"Transfer Barcelona to Tarragona with ease. Discover the Roman amphitheater, cathedral, and Mediterranean views, then book your private ride","robots":{"index":"index","follow":"follow","max-snippet":"max-snippet:-1","max-image-preview":"max-image-preview:large","max-video-preview":"max-video-preview:-1"},"canonical":"https:\/\/transferbarcelonalux.com\/es\/tarragona-travel-guide-roman-heritage-mediterranean-views\/","og_locale":"es_ES","og_type":"article","og_title":"Tarragona Travel Guide \u2013 Roman Heritage & Mediterranean Views - Transfer Barcelona lux car","og_description":"Transfer Barcelona to Tarragona with ease. Discover the Roman amphitheater, cathedral, and Mediterranean views, then book your private ride","og_url":"https:\/\/transferbarcelonalux.com\/es\/tarragona-travel-guide-roman-heritage-mediterranean-views\/","og_site_name":"Transfer Barcelona lux car","article_modified_time":"2025-08-18T14:09:50+00:00","og_image":[{"width":1200,"height":800,"url":"https:\/\/transferbarcelonalux.com\/wp-content\/uploads\/2025\/08\/Tarragona-Anfiteatro-romano.webp","type":"image\/webp"}],"twitter_card":"summary_large_image","twitter_misc":{"Tiempo de lectura":"3 minutos"},"schema":{"@context":"https:\/\/schema.org","@graph":[{"@type":"WebPage","@id":"https:\/\/transferbarcelonalux.com\/tarragona-travel-guide-roman-heritage-mediterranean-views\/","url":"https:\/\/transferbarcelonalux.com\/tarragona-travel-guide-roman-heritage-mediterranean-views\/","name":"Tarragona Travel Guide \u2013 Roman Heritage & Mediterranean Views - Transfer Barcelona lux car","isPartOf":{"@id":"https:\/\/transferbarcelonalux.com\/es\/#website"},"primaryImageOfPage":{"@id":"https:\/\/transferbarcelonalux.com\/tarragona-travel-guide-roman-heritage-mediterranean-views\/#primaryimage"},"image":{"@id":"https:\/\/transferbarcelonalux.com\/tarragona-travel-guide-roman-heritage-mediterranean-views\/#primaryimage"},"thumbnailUrl":"https:\/\/transferbarcelonalux.com\/wp-content\/uploads\/2025\/08\/Tarragona-Anfiteatro-romano.webp","datePublished":"2025-07-18T13:17:52+00:00","dateModified":"2025-08-18T14:09:50+00:00","description":"Transfer Barcelona to Tarragona with ease. Discover the Roman amphitheater, cathedral, and Mediterranean views, then book your private ride","breadcrumb":{"@id":"https:\/\/transferbarcelonalux.com\/tarragona-travel-guide-roman-heritage-mediterranean-views\/#breadcrumb"},"inLanguage":"es","potentialAction":[{"@type":"ReadAction","target":["https:\/\/transferbarcelonalux.com\/tarragona-travel-guide-roman-heritage-mediterranean-views\/"]}]},{"@type":"ImageObject","inLanguage":"es","@id":"https:\/\/transferbarcelonalux.com\/tarragona-travel-guide-roman-heritage-mediterranean-views\/#primaryimage","url":"https:\/\/transferbarcelonalux.com\/wp-content\/uploads\/2025\/08\/Tarragona-Anfiteatro-romano.webp","contentUrl":"https:\/\/transferbarcelonalux.com\/wp-content\/uploads\/2025\/08\/Tarragona-Anfiteatro-romano.webp","width":1200,"height":800,"caption":"Transfer Barcelona to Tarragona \u2013 Roman Amphitheater by the sea"},{"@type":"BreadcrumbList","@id":"https:\/\/transferbarcelonalux.com\/tarragona-travel-guide-roman-heritage-mediterranean-views\/#breadcrumb","itemListElement":[{"@type":"ListItem","position":1,"name":"Home","item":"https:\/\/transferbarcelonalux.com\/"},{"@type":"ListItem","position":2,"name":"Tarragona Travel Guide \u2013 Roman Heritage &#038; Mediterranean Views"}]},{"@type":"WebSite","@id":"https:\/\/transferbarcelonalux.com\/es\/#website","url":"https:\/\/transferbarcelonalux.com\/es\/","name":"Transfer Barcelona lux","description":"Your transfer across Barcelona","alternateName":"Your lux transfer in Barcelona","potentialAction":[{"@type":"SearchAction","target":{"@type":"EntryPoint","urlTemplate":"https:\/\/transferbarcelonalux.com\/es\/?s={search_term_string}"},"query-input":{"@type":"PropertyValueSpecification","valueRequired":true,"valueName":"search_term_string"}}],"inLanguage":"es"}]}},"_links":{"self":[{"href":"https:\/\/transferbarcelonalux.com\/es\/wp-json\/wp\/v2\/pages\/7316","targetHints":{"allow":["GET"]}}],"collection":[{"href":"https:\/\/transferbarcelonalux.com\/es\/wp-json\/wp\/v2\/pages"}],"about":[{"href":"https:\/\/transferbarcelonalux.com\/es\/wp-json\/wp\/v2\/types\/page"}],"author":[{"embeddable":true,"href":"https:\/\/transferbarcelonalux.com\/es\/wp-json\/wp\/v2\/users\/3"}],"replies":[{"embeddable":true,"href":"https:\/\/transferbarcelonalux.com\/es\/wp-json\/wp\/v2\/comments?post=7316"}],"version-history":[{"count":1,"href":"https:\/\/transferbarcelonalux.com\/es\/wp-json\/wp\/v2\/pages\/7316\/revisions"}],"predecessor-version":[{"id":7319,"href":"https:\/\/transferbarcelonalux.com\/es\/wp-json\/wp\/v2\/pages\/7316\/revisions\/7319"}],"wp:featuredmedia":[{"embeddable":true,"href":"https:\/\/transferbarcelonalux.com\/es\/wp-json\/wp\/v2\/media\/7317"}],"wp:attachment":[{"href":"https:\/\/transferbarcelonalux.com\/es\/wp-json\/wp\/v2\/media?parent=7316"}],"curies":[{"name":"wp","href":"https:\/\/api.w.org\/{rel}","templated":true}]}}