{"id":7332,"date":"2025-07-18T13:39:59","date_gmt":"2025-07-18T13:39:59","guid":{"rendered":"https:\/\/transferbarcelonalux.com\/?page_id=7332"},"modified":"2025-08-18T17:15:05","modified_gmt":"2025-08-18T17:15:05","slug":"besalu-travel-guide-medieval-bridge-historic-charm","status":"publish","type":"page","link":"https:\/\/transferbarcelonalux.com\/es\/besalu-travel-guide-medieval-bridge-historic-charm\/","title":{"rendered":"Gu\u00eda tur\u00edstica de Besal\u00fa: puente medieval y encanto hist\u00f3rico"},"content":{"rendered":"<p data-start=\"579\" data-end=\"942\" class=\"translation-block\">\u00bfQuieres vivir una experiencia que te transportar\u00e1 al pasado? Entonces <strong data-start=\"\u00ab627\u00bb\" data-end=\"\u00ab637\u00bb\">Besal\u00fa<\/strong> es el lugar ideal para ti. Situado a unos 130 km de Barcelona, este pueblo medieval es famoso por su emblem\u00e1tico puente de piedra, su patrimonio jud\u00edo y sus encantadoras calles antiguas. La forma m\u00e1s c\u00f3moda de llegar es reservando un <strong data-start=\"\u00ab855\u00bb\" data-end=\"\u00ab895\u00bb\">traslado privado de Barcelona a Besal\u00fa<\/strong>, que te garantiza comodidad de principio a fin.<\/p>\n<p data-start=\"944\" data-end=\"1060\">En esta gu\u00eda descubrir\u00e1s los lugares m\u00e1s destacados de Besal\u00fa, por qu\u00e9 merece la pena visitarlo y c\u00f3mo llegar sin estr\u00e9s.<\/p>\n<hr data-start=\"1062\" data-end=\"1065\" \/>\n<h2 data-start=\"1067\" data-end=\"1089\">\u00bfPor qu\u00e9 visitar Besal\u00fa?<\/h2>\n<p data-start=\"1090\" data-end=\"1244\">Besal\u00fa es uno de los pueblos medievales mejor conservados de Catalu\u00f1a. Pasear por sus calles empedradas es como adentrarse en un libro de historia viviente.<\/p>\n<p data-start=\"1246\" data-end=\"1566\">La ciudad es especialmente conocida por su impresionante puente del siglo XII sobre el r\u00edo Fluvi\u00e0. Adem\u00e1s, Besal\u00fa cuenta con un fascinante barrio jud\u00edo con una rara mikve medieval (ba\u00f1o ritual). Por otra parte, las iglesias rom\u00e1nicas y las tranquilas plazas crean un ambiente \u00fanico que atrae tanto a los amantes de la historia como a los fot\u00f3grafos.<\/p>\n<p data-start=\"1568\" data-end=\"1685\">Por lo tanto, Besal\u00fa es un destino imprescindible para los viajeros que buscan autenticidad y cultura m\u00e1s all\u00e1 de las grandes ciudades.<\/p>\n<hr data-start=\"1687\" data-end=\"1690\" \/>\n<h2 data-start=\"1692\" data-end=\"1724\">Lo mejor que ver en Besal\u00fa<\/h2>\n<h3 data-start=\"1726\" data-end=\"1747\"><img fetchpriority=\"high\" decoding=\"async\" class=\"alignnone size-large wp-image-7355\" src=\"https:\/\/transferbarcelonalux.com\/wp-content\/uploads\/2025\/08\/besalu-1024x576.jpg\" alt=\"transfer barcelona to Besal\u00fa\" width=\"950\" height=\"534\" srcset=\"https:\/\/transferbarcelonalux.com\/wp-content\/uploads\/2025\/08\/besalu-1024x576.jpg 1024w, https:\/\/transferbarcelonalux.com\/wp-content\/uploads\/2025\/08\/besalu-300x169.jpg 300w, https:\/\/transferbarcelonalux.com\/wp-content\/uploads\/2025\/08\/besalu-2000x1125.jpg 2000w, https:\/\/transferbarcelonalux.com\/wp-content\/uploads\/2025\/08\/besalu-scaled-18x10.jpg 18w\" sizes=\"(max-width: 950px) 100vw, 950px\" \/><\/h3>\n<h3 data-start=\"1726\" data-end=\"1747\">Puente medieval<\/h3>\n<p data-start=\"1748\" data-end=\"1990\" class=\"translation-block\">Cruzar el <strong data-start=\"\u00ab1761\u00bb\" data-end=\"\u00ab1774\u00bb\">Pont Vell<\/strong>, el puente de piedra del siglo XII, es lo m\u00e1s destacado de cualquier visita. Sus torres y arcos que se elevan sobre el r\u00edo crean una de las vistas m\u00e1s emblem\u00e1ticas de Catalu\u00f1a. Adem\u00e1s, el puente es especialmente m\u00e1gico al atardecer.<\/p>\n<h3 data-start=\"1992\" data-end=\"2023\">Barrio jud\u00edo y mikve<\/h3>\n<p data-start=\"2024\" data-end=\"2267\" class=\"translation-block\">Igualmente notable es el <strong data-start=\"\u00ab2055\u00bb\" data-end=\"\u00ab2073\u00bb\">barrio jud\u00edo<\/strong> de Besal\u00fa, con sus estrechas callejuelas y sus casas restauradas. El mikveh, un ba\u00f1o ritual del siglo XII, es uno de los pocos que se conservan en Europa. Por ello, constituye una parte excepcional y valiosa del patrimonio de la ciudad.<\/p>\n<h3 data-start=\"2269\" data-end=\"2294\">Iglesia de San Pedro<\/h3>\n<p data-start=\"2295\" data-end=\"2570\" class=\"translation-block\">Situada en la plaza central, la <strong data-start=\"\u00ab2331\u00bb\" data-end=\"\u00ab2354\u00bb\">iglesia de Sant Pere<\/strong> fue consagrada en 1003. Su fachada rom\u00e1nica y su interior sencillo pero elegante reflejan la vida espiritual de la Besal\u00fa medieval. Adem\u00e1s, la plaza que rodea la iglesia es un lugar perfecto para disfrutar del ambiente local.<\/p>\n<h3 data-start=\"2572\" data-end=\"2599\">Monasterio de Sant Pau<\/h3>\n<p data-start=\"2600\" data-end=\"2798\" class=\"translation-block\">A las afueras de la ciudad, el <strong data-start=\"\u00ab2629\u00bb\" data-end=\"\u00ab2654\u00bb\">Monasterio de Sant Pau<\/strong> ofrece otro ejemplo de arquitectura rom\u00e1nica. Adem\u00e1s, su entorno tranquilo ofrece unas vistas preciosas del campo circundante.<\/p>\n<hr data-start=\"2800\" data-end=\"2803\" \/>\n<h2 data-start=\"2805\" data-end=\"2845\">C\u00f3mo llegar a Besal\u00fa desde Barcelona<\/h2>\n<p data-start=\"2846\" data-end=\"2871\">Hay varias formas:<\/p>\n<ul>\n<li class=\"translation-block\"><strong data-start=\"\u00ab2875\u00bb\" data-end=\"\u00ab2886\u00bb\">En autob\u00fas:<\/strong> La \u00fanica opci\u00f3n p\u00fablica, con una duraci\u00f3n aproximada de 2,5 horas. Sin embargo, los horarios pueden ser limitados.<\/li>\n<li class=\"translation-block\"><strong data-start=\"\u00ab2974\u00bb\" data-end=\"\u00ab2985\u00bb\">En coche:<\/strong> Conducir ofrece flexibilidad, pero puede resultar agotador para quienes no est\u00e1n familiarizados con las carreteras catalanas.<\/li>\n<\/ul>\n<p data-start=\"3075\" data-end=\"3350\">\ud83d\udc49 The easiest solution is a <strong data-start=\"3104\" data-end=\"3144\">private transfer Barcelona to Besal\u00fa<\/strong>. With door-to-door service and modern vehicles, your journey becomes part of the experience. You can <a class=\"cursor-pointer\" target=\"_new\" rel=\"noopener\" data-start=\"3246\" data-end=\"3314\">Reserve su traslado aqu\u00ed.<\/a> and enjoy complete peace of mind.<\/p>\n<hr data-start=\"3352\" data-end=\"3355\" \/>\n<h2 data-start=\"3357\" data-end=\"3396\">Reserve su traslado privado con nosotros<\/h2>\n<p data-start=\"3397\" data-end=\"3470\" class=\"translation-block\">En <strong data-start=\"\u00ab3400\u00bb\" data-end=\"\u00ab3426\u00bb\">Transfer Barcelona Lux<\/strong>, hacemos que viajar sea c\u00f3modo y fiable:<\/p>\n<ul>\n<li data-start=\"3474\" data-end=\"3517\">Recogida en el aeropuerto o hotel de Barcelona.<\/li>\n<li data-start=\"3520\" data-end=\"3567\">\u2705 Veh\u00edculos c\u00f3modos con capacidad para hasta 7 pasajeros.<\/li>\n<li data-start=\"3570\" data-end=\"3607\">\u2705 Precios fijos, sin costes ocultos.<\/li>\n<li data-start=\"3610\" data-end=\"3647\">\u2705 Conductores profesionales y con experiencia.<\/li>\n<\/ul>\n<p data-start=\"3649\" data-end=\"3834\">\ud83d\udc49 M\u00e1s informaci\u00f3n sobre nuestro <a class=\"cursor-pointer\" target=\"_new\" rel=\"noopener\" data-start=\"3670\" data-end=\"3741\">Traslados al aeropuerto<\/a> p\u00e1gina o reserve directamente en nuestra <a class=\"cursor-pointer\" target=\"_new\" rel=\"noopener\" data-start=\"3774\" data-end=\"3831\">P\u00e1gina de reservas<\/a>.<\/p>\n<hr data-start=\"3836\" data-end=\"3839\" \/>\n<h2 data-start=\"3841\" data-end=\"3876\">Enlaces externos para inspirarse<\/h2>\n<ul data-start=\"3877\" data-end=\"4016\">\n<li data-start=\"3877\" data-end=\"3936\">\n<p data-start=\"3879\" data-end=\"3936\"><a class=\"cursor-pointer\" href=\"https:\/\/www.besalu.cat\/turisme\/\" target=\"_new\" rel=\"noopener\" data-start=\"3879\" data-end=\"3934\">Besal\u00fa Tourism Board<\/a><\/p>\n<\/li>\n<\/ul>\n<hr data-start=\"4018\" data-end=\"4021\" \/>\n<h2 data-start=\"4023\" data-end=\"4038\">Conclusi\u00f3n<\/h2>\n<p data-start=\"4039\" data-end=\"4249\">Besal\u00fa es un tesoro medieval donde se unen la historia, la cultura y el encanto. Desde su emblem\u00e1tico puente hasta los lugares de inter\u00e9s jud\u00edos y las iglesias rom\u00e1nicas, cada rinc\u00f3n de esta localidad cuenta una historia fascinante.<\/p>\n<p data-start=\"4251\" data-end=\"4410\" class=\"translation-block\">La mejor forma de visitarlo es con un <strong data-start=\"\u00ab4283\u00bb\" data-end=\"\u00ab4323\u00bb\">traslado privado de Barcelona a Besal\u00fa<\/strong>. Olv\u00eddate de los horarios de autob\u00fas y los largos viajes en coche: comienza tu viaje con comodidad y estilo.<\/p>\n<p data-start=\"4412\" data-end=\"4489\">\ud83d\udc49<a href=\"\/es\/booking\/\"> <strong data-start=\"4415\" data-end=\"4443\">Reserve su traslado hoy mismo.<\/strong><\/a> y ad\u00e9ntrate en la magia medieval de Besal\u00fa.<\/p>","protected":false},"excerpt":{"rendered":"<p>Want to experience a journey back in time? Then Besal\u00fa is the place for you. Located around 130 km from Barcelona, this medieval village is famous for its iconic stone bridge, Jewish heritage, and charming old streets. The most convenient way to get there is by booking a private transfer Barcelona to Besal\u00fa, which ensures &hellip; <\/p>\n<p class=\"link-more\"><a href=\"https:\/\/transferbarcelonalux.com\/es\/besalu-travel-guide-medieval-bridge-historic-charm\/\" class=\"more-link\">Leer m\u00e1s<span class=\"screen-reader-text\"> \u00abBesal\u00fa Travel Guide \u2013 Medieval Bridge &#038; Historic Charm\u00bb<\/span><\/a><\/p>","protected":false},"author":3,"featured_media":7333,"parent":0,"menu_order":0,"comment_status":"closed","ping_status":"closed","template":"","meta":{"footnotes":""},"class_list":["post-7332","page","type-page","status-publish","has-post-thumbnail","hentry"],"yoast_head":"<!-- This site is optimized with the Yoast SEO plugin v27.4 - https:\/\/yoast.com\/product\/yoast-seo-wordpress\/ -->\n<title>Besal\u00fa Travel Guide \u2013 Medieval Bridge &amp; Historic Charm - Transfer Barcelona lux car<\/title>\n<meta name=\"description\" content=\"Discover Besal\u00fa from Barcelona. Explore its medieval bridge, Jewish heritage, and historic streets with a private transfer for a perfect trip\" \/>\n<meta name=\"robots\" content=\"index, follow, max-snippet:-1, max-image-preview:large, max-video-preview:-1\" \/>\n<link rel=\"canonical\" href=\"https:\/\/transferbarcelonalux.com\/es\/besalu-travel-guide-medieval-bridge-historic-charm\/\" \/>\n<meta property=\"og:locale\" content=\"es_ES\" \/>\n<meta property=\"og:type\" content=\"article\" \/>\n<meta property=\"og:title\" content=\"Besal\u00fa Travel Guide \u2013 Medieval Bridge &amp; Historic Charm - Transfer Barcelona lux car\" \/>\n<meta property=\"og:description\" content=\"Discover Besal\u00fa from Barcelona. Explore its medieval bridge, Jewish heritage, and historic streets with a private transfer for a perfect trip\" \/>\n<meta property=\"og:url\" content=\"https:\/\/transferbarcelonalux.com\/es\/besalu-travel-guide-medieval-bridge-historic-charm\/\" \/>\n<meta property=\"og:site_name\" content=\"Transfer Barcelona lux car\" \/>\n<meta property=\"article:modified_time\" content=\"2025-08-18T17:15:05+00:00\" \/>\n<meta property=\"og:image\" content=\"https:\/\/transferbarcelonalux.com\/wp-content\/uploads\/2025\/08\/puente-besalu.jpg\" \/>\n\t<meta property=\"og:image:width\" content=\"800\" \/>\n\t<meta property=\"og:image:height\" content=\"500\" \/>\n\t<meta property=\"og:image:type\" content=\"image\/jpeg\" \/>\n<meta name=\"twitter:card\" content=\"summary_large_image\" \/>\n<meta name=\"twitter:label1\" content=\"Tiempo de lectura\" \/>\n\t<meta name=\"twitter:data1\" content=\"3 minutos\" \/>\n<script type=\"application\/ld+json\" class=\"yoast-schema-graph\">{\"@context\":\"https:\\\/\\\/schema.org\",\"@graph\":[{\"@type\":\"WebPage\",\"@id\":\"https:\\\/\\\/transferbarcelonalux.com\\\/besalu-travel-guide-medieval-bridge-historic-charm\\\/\",\"url\":\"https:\\\/\\\/transferbarcelonalux.com\\\/besalu-travel-guide-medieval-bridge-historic-charm\\\/\",\"name\":\"Besal\u00fa Travel Guide \u2013 Medieval Bridge & Historic Charm - Transfer Barcelona lux car\",\"isPartOf\":{\"@id\":\"https:\\\/\\\/transferbarcelonalux.com\\\/es\\\/#website\"},\"primaryImageOfPage\":{\"@id\":\"https:\\\/\\\/transferbarcelonalux.com\\\/besalu-travel-guide-medieval-bridge-historic-charm\\\/#primaryimage\"},\"image\":{\"@id\":\"https:\\\/\\\/transferbarcelonalux.com\\\/besalu-travel-guide-medieval-bridge-historic-charm\\\/#primaryimage\"},\"thumbnailUrl\":\"https:\\\/\\\/transferbarcelonalux.com\\\/wp-content\\\/uploads\\\/2025\\\/08\\\/puente-besalu.jpg\",\"datePublished\":\"2025-07-18T13:39:59+00:00\",\"dateModified\":\"2025-08-18T17:15:05+00:00\",\"description\":\"Discover Besal\u00fa from Barcelona. Explore its medieval bridge, Jewish heritage, and historic streets with a private transfer for a perfect trip\",\"breadcrumb\":{\"@id\":\"https:\\\/\\\/transferbarcelonalux.com\\\/besalu-travel-guide-medieval-bridge-historic-charm\\\/#breadcrumb\"},\"inLanguage\":\"es\",\"potentialAction\":[{\"@type\":\"ReadAction\",\"target\":[\"https:\\\/\\\/transferbarcelonalux.com\\\/besalu-travel-guide-medieval-bridge-historic-charm\\\/\"]}]},{\"@type\":\"ImageObject\",\"inLanguage\":\"es\",\"@id\":\"https:\\\/\\\/transferbarcelonalux.com\\\/besalu-travel-guide-medieval-bridge-historic-charm\\\/#primaryimage\",\"url\":\"https:\\\/\\\/transferbarcelonalux.com\\\/wp-content\\\/uploads\\\/2025\\\/08\\\/puente-besalu.jpg\",\"contentUrl\":\"https:\\\/\\\/transferbarcelonalux.com\\\/wp-content\\\/uploads\\\/2025\\\/08\\\/puente-besalu.jpg\",\"width\":800,\"height\":500,\"caption\":\"Transfer Barcelona to Besal\u00fa \u2013 medieval bridge over Fluvi\u00e0 River\"},{\"@type\":\"BreadcrumbList\",\"@id\":\"https:\\\/\\\/transferbarcelonalux.com\\\/besalu-travel-guide-medieval-bridge-historic-charm\\\/#breadcrumb\",\"itemListElement\":[{\"@type\":\"ListItem\",\"position\":1,\"name\":\"Home\",\"item\":\"https:\\\/\\\/transferbarcelonalux.com\\\/\"},{\"@type\":\"ListItem\",\"position\":2,\"name\":\"Besal\u00fa Travel Guide \u2013 Medieval Bridge &#038; Historic Charm\"}]},{\"@type\":\"WebSite\",\"@id\":\"https:\\\/\\\/transferbarcelonalux.com\\\/es\\\/#website\",\"url\":\"https:\\\/\\\/transferbarcelonalux.com\\\/es\\\/\",\"name\":\"Transfer Barcelona lux\",\"description\":\"Your transfer across Barcelona\",\"alternateName\":\"Your lux transfer in Barcelona\",\"potentialAction\":[{\"@type\":\"SearchAction\",\"target\":{\"@type\":\"EntryPoint\",\"urlTemplate\":\"https:\\\/\\\/transferbarcelonalux.com\\\/es\\\/?s={search_term_string}\"},\"query-input\":{\"@type\":\"PropertyValueSpecification\",\"valueRequired\":true,\"valueName\":\"search_term_string\"}}],\"inLanguage\":\"es\"}]}<\/script>\n<!-- \/ Yoast SEO plugin. -->","yoast_head_json":{"title":"Besal\u00fa Travel Guide \u2013 Medieval Bridge & Historic Charm - Transfer Barcelona lux car","description":"Discover Besal\u00fa from Barcelona. Explore its medieval bridge, Jewish heritage, and historic streets with a private transfer for a perfect trip","robots":{"index":"index","follow":"follow","max-snippet":"max-snippet:-1","max-image-preview":"max-image-preview:large","max-video-preview":"max-video-preview:-1"},"canonical":"https:\/\/transferbarcelonalux.com\/es\/besalu-travel-guide-medieval-bridge-historic-charm\/","og_locale":"es_ES","og_type":"article","og_title":"Besal\u00fa Travel Guide \u2013 Medieval Bridge & Historic Charm - Transfer Barcelona lux car","og_description":"Discover Besal\u00fa from Barcelona. Explore its medieval bridge, Jewish heritage, and historic streets with a private transfer for a perfect trip","og_url":"https:\/\/transferbarcelonalux.com\/es\/besalu-travel-guide-medieval-bridge-historic-charm\/","og_site_name":"Transfer Barcelona lux car","article_modified_time":"2025-08-18T17:15:05+00:00","og_image":[{"width":800,"height":500,"url":"https:\/\/transferbarcelonalux.com\/wp-content\/uploads\/2025\/08\/puente-besalu.jpg","type":"image\/jpeg"}],"twitter_card":"summary_large_image","twitter_misc":{"Tiempo de lectura":"3 minutos"},"schema":{"@context":"https:\/\/schema.org","@graph":[{"@type":"WebPage","@id":"https:\/\/transferbarcelonalux.com\/besalu-travel-guide-medieval-bridge-historic-charm\/","url":"https:\/\/transferbarcelonalux.com\/besalu-travel-guide-medieval-bridge-historic-charm\/","name":"Besal\u00fa Travel Guide \u2013 Medieval Bridge & Historic Charm - Transfer Barcelona lux car","isPartOf":{"@id":"https:\/\/transferbarcelonalux.com\/es\/#website"},"primaryImageOfPage":{"@id":"https:\/\/transferbarcelonalux.com\/besalu-travel-guide-medieval-bridge-historic-charm\/#primaryimage"},"image":{"@id":"https:\/\/transferbarcelonalux.com\/besalu-travel-guide-medieval-bridge-historic-charm\/#primaryimage"},"thumbnailUrl":"https:\/\/transferbarcelonalux.com\/wp-content\/uploads\/2025\/08\/puente-besalu.jpg","datePublished":"2025-07-18T13:39:59+00:00","dateModified":"2025-08-18T17:15:05+00:00","description":"Discover Besal\u00fa from Barcelona. Explore its medieval bridge, Jewish heritage, and historic streets with a private transfer for a perfect trip","breadcrumb":{"@id":"https:\/\/transferbarcelonalux.com\/besalu-travel-guide-medieval-bridge-historic-charm\/#breadcrumb"},"inLanguage":"es","potentialAction":[{"@type":"ReadAction","target":["https:\/\/transferbarcelonalux.com\/besalu-travel-guide-medieval-bridge-historic-charm\/"]}]},{"@type":"ImageObject","inLanguage":"es","@id":"https:\/\/transferbarcelonalux.com\/besalu-travel-guide-medieval-bridge-historic-charm\/#primaryimage","url":"https:\/\/transferbarcelonalux.com\/wp-content\/uploads\/2025\/08\/puente-besalu.jpg","contentUrl":"https:\/\/transferbarcelonalux.com\/wp-content\/uploads\/2025\/08\/puente-besalu.jpg","width":800,"height":500,"caption":"Transfer Barcelona to Besal\u00fa \u2013 medieval bridge over Fluvi\u00e0 River"},{"@type":"BreadcrumbList","@id":"https:\/\/transferbarcelonalux.com\/besalu-travel-guide-medieval-bridge-historic-charm\/#breadcrumb","itemListElement":[{"@type":"ListItem","position":1,"name":"Home","item":"https:\/\/transferbarcelonalux.com\/"},{"@type":"ListItem","position":2,"name":"Besal\u00fa Travel Guide \u2013 Medieval Bridge &#038; Historic Charm"}]},{"@type":"WebSite","@id":"https:\/\/transferbarcelonalux.com\/es\/#website","url":"https:\/\/transferbarcelonalux.com\/es\/","name":"Transfer Barcelona lux","description":"Your transfer across Barcelona","alternateName":"Your lux transfer in Barcelona","potentialAction":[{"@type":"SearchAction","target":{"@type":"EntryPoint","urlTemplate":"https:\/\/transferbarcelonalux.com\/es\/?s={search_term_string}"},"query-input":{"@type":"PropertyValueSpecification","valueRequired":true,"valueName":"search_term_string"}}],"inLanguage":"es"}]}},"_links":{"self":[{"href":"https:\/\/transferbarcelonalux.com\/es\/wp-json\/wp\/v2\/pages\/7332","targetHints":{"allow":["GET"]}}],"collection":[{"href":"https:\/\/transferbarcelonalux.com\/es\/wp-json\/wp\/v2\/pages"}],"about":[{"href":"https:\/\/transferbarcelonalux.com\/es\/wp-json\/wp\/v2\/types\/page"}],"author":[{"embeddable":true,"href":"https:\/\/transferbarcelonalux.com\/es\/wp-json\/wp\/v2\/users\/3"}],"replies":[{"embeddable":true,"href":"https:\/\/transferbarcelonalux.com\/es\/wp-json\/wp\/v2\/comments?post=7332"}],"version-history":[{"count":3,"href":"https:\/\/transferbarcelonalux.com\/es\/wp-json\/wp\/v2\/pages\/7332\/revisions"}],"predecessor-version":[{"id":7357,"href":"https:\/\/transferbarcelonalux.com\/es\/wp-json\/wp\/v2\/pages\/7332\/revisions\/7357"}],"wp:featuredmedia":[{"embeddable":true,"href":"https:\/\/transferbarcelonalux.com\/es\/wp-json\/wp\/v2\/media\/7333"}],"wp:attachment":[{"href":"https:\/\/transferbarcelonalux.com\/es\/wp-json\/wp\/v2\/media?parent=7332"}],"curies":[{"name":"wp","href":"https:\/\/api.w.org\/{rel}","templated":true}]}}