{"id":7540,"date":"2025-10-08T13:56:49","date_gmt":"2025-10-08T13:56:49","guid":{"rendered":"https:\/\/transferbarcelonalux.com\/?page_id=7540"},"modified":"2025-10-08T13:56:49","modified_gmt":"2025-10-08T13:56:49","slug":"sant-llorenc-del-munt-natural-park-private-transfers","status":"publish","type":"page","link":"https:\/\/transferbarcelonalux.com\/es\/sant-llorenc-del-munt-natural-park-private-transfers\/","title":{"rendered":"Excursi\u00f3n al Parque Natural de Sant Lloren\u00e7 del Munt | Traslado privado desde Barcelona"},"content":{"rendered":"<h3 data-start=\"1200\" data-end=\"1228\">1. Descubre el traslado al Parque Natural de Sant Lloren\u00e7 del Munt desde Barcelona y viceversa<\/h3>\n<p data-start=\"1229\" data-end=\"1640\" class=\"translation-block\">Si est\u00e1 buscando una escapada cerca de Barcelona llena de imponentes acantilados, picos monta\u00f1osos y vistas panor\u00e1micas, el <strong data-start=\"1349\" data-end=\"1396\">Parque Natural de Sant Lloren\u00e7 del Munt i l'Obac<\/strong> es una opci\u00f3n ideal. Ubicada a solo 45 minutos de la ciudad, esta \u00e1rea protegida ofrece una combinaci\u00f3n inolvidable de naturaleza salvaje e historia, y con un traslado privado <strong data-start=\"1552\" data-end=\"1587\"> desde Barcelona<\/strong>, sus clientes pueden explorarlo con comodidad y estilo.<\/p>\n<p data-start=\"1642\" data-end=\"1817\" class=\"translation-block\">Desde senderos suaves hasta la cima de <strong data-start=\"1678\" data-end=\"1689\">La Mola<\/strong>, hasta visitar un monasterio centenario encaramado en un acantilado, esta excursi\u00f3n de un d\u00eda encaja perfectamente en su cartera de excursiones de lujo.<\/p>\n<hr data-start=\"1819\" data-end=\"1822\" \/>\n<h3 data-start=\"1824\" data-end=\"1889\">2. Por qu\u00e9 a\u00f1adir Sant Lloren\u00e7 del Munt a tu cartera de fichajes<\/h3>\n<ul>\n<li data-start=\"1893\" data-end=\"2029\" class=\"translation-block\"><strong data-start=\"1893\" data-end=\"1916\">Proximidad + impacto:<\/strong> A solo ~ 50 km de Barcelona, pero con un paisaje dr\u00e1sticamente diferente, ideal para viajes de medio d\u00eda o d\u00eda completo.<\/li>\n<li data-start=\"2032\" data-end=\"2166\" class=\"translation-block\"><strong data-start=\"2169\" data-end=\"2194\">Monasterio de la Mola:<\/strong> Hist\u00f3rico monasterio del siglo XI en la cima de la monta\u00f1a con un restaurante panor\u00e1mico.<\/li>\n<li data-start=\"2169\" data-end=\"2277\"><strong data-start=\"2169\" data-end=\"2194\">Monastery of La Mola:<\/strong> Historic 11th-century monastery at the mountain top with a panoramic restaurant.<\/li>\n<li data-start=\"2280\" data-end=\"2373\"><strong data-start=\"2280\" data-end=\"2327\">Perfect for corporate groups or VIP clients<\/strong> wanting a nature break without long drives.<\/li>\n<li data-start=\"2376\" data-end=\"2463\" class=\"translation-block\"><strong data-start=\"2376\" data-end=\"2403\">Destino durante todo el a\u00f1o:<\/strong> El clima mediterr\u00e1neo templado lo hace ideal incluso en invierno.<\/li>\n<\/ul>\n<hr data-start=\"2465\" data-end=\"2468\" \/>\n<h3 data-start=\"2470\" data-end=\"2513\">3. C\u00f3mo llegar en traslado privado<\/h3>\n<p data-start=\"2515\" data-end=\"2536\"><strong data-start=\"2515\" data-end=\"2534\">Ruta y tiempo:<\/strong><\/p>\n<ul>\n<li data-start=\"2539\" data-end=\"2640\">Conduzca hacia el norte por la C-58 o la C-16 hacia Terrassa o Matadepera (aprox. 50 minutos del centro de Barcelona).<\/li>\n<li data-start=\"2643\" data-end=\"2760\" class=\"translation-block\">Los puntos de acceso incluyen <strong data-start=\"2665\" data-end=\"2679\">Matadepera<\/strong>, <strong data-start=\"2681\" data-end=\"2689\">Mura<\/strong>, o <strong data-start=\"2694\" data-end=\"2720\">Paso de Coll d'Estenalles<\/strong>: cada uno ofrece estacionamiento para los senderos.<\/li>\n<li data-start=\"2763\" data-end=\"2847\">Su conductor puede dejar a los clientes directamente en la entrada del sendero La Mola o en los miradores.<\/li>\n<\/ul>\n<p data-start=\"2849\" data-end=\"2879\"><strong data-start=\"2849\" data-end=\"2877\">Configuraci\u00f3n del veh\u00edculo y servicio:<\/strong><\/p>\n<ul>\n<li data-start=\"2882\" data-end=\"2943\">SUV o furgoneta de lujo para peque\u00f1os grupos de excursionistas o ejecutivos.<\/li>\n<li data-start=\"2946\" data-end=\"3032\">El chofer puede esperar en el centro de visitantes o regresar para que lo recojan despu\u00e9s de una hora determinada.<\/li>\n<li data-start=\"3035\" data-end=\"3114\">Incluya refrigerios, agua, sombrillas o equipo de senderismo como servicios opcionales.<\/li>\n<\/ul>\n<p data-start=\"3116\" data-end=\"3234\" class=\"translation-block\"><strong data-start=\"3116\" data-end=\"3136\">Distancia \/ Tiempo:<\/strong><br data-start=\"3136\" data-end=\"3140\">\u2248 45-60 minutos en cada sentido en coche; sugiera una excursi\u00f3n m\u00ednima de 5-6 horas que incluya caminatas y almuerzo.<\/p>\n<p data-start=\"3116\" data-end=\"3234\"><img fetchpriority=\"high\" decoding=\"async\" class=\"alignnone wp-image-7542 size-full\" src=\"https:\/\/transferbarcelonalux.com\/wp-content\/uploads\/2025\/10\/62ddaa3f914d1.r_d.758-371-10309.jpeg\" alt=\"Montcau mountain hike\" width=\"1200\" height=\"675\" srcset=\"https:\/\/transferbarcelonalux.com\/wp-content\/uploads\/2025\/10\/62ddaa3f914d1.r_d.758-371-10309.jpeg 1200w, https:\/\/transferbarcelonalux.com\/wp-content\/uploads\/2025\/10\/62ddaa3f914d1.r_d.758-371-10309-300x169.jpeg 300w, https:\/\/transferbarcelonalux.com\/wp-content\/uploads\/2025\/10\/62ddaa3f914d1.r_d.758-371-10309-1024x576.jpeg 1024w, https:\/\/transferbarcelonalux.com\/wp-content\/uploads\/2025\/10\/62ddaa3f914d1.r_d.758-371-10309-18x10.jpeg 18w\" sizes=\"(max-width: 1200px) 100vw, 1200px\" \/><\/p>\n<hr data-start=\"3236\" data-end=\"3239\" \/>\n<h3 data-start=\"3241\" data-end=\"3266\">4. Qu\u00e9 ver y hacer<\/h3>\n<p data-start=\"3268\" data-end=\"3305\"><strong data-start=\"3268\" data-end=\"3303\">Caminata al pico de La Mola (1.104 m):<\/strong><\/p>\n<ul>\n<li data-start=\"3308\" data-end=\"3396\" class=\"translation-block\">El sendero m\u00e1s popular comienza desde <strong data-start=\"3343\" data-end=\"3364\">Coll d'Estenalles<\/strong> (2 h de ascenso \/ 1,5 h de descenso).<\/li>\n<li data-start=\"3399\" data-end=\"3513\" class=\"translation-block\">En la cima se encuentra el <strong data-start=\"3422\" data-end=\"3460\">Monasterio de Sant Lloren\u00e7 del Munt<\/strong>, ahora un restaurante de monta\u00f1a con vistas espectaculares.<\/li>\n<li data-start=\"3516\" data-end=\"3611\">Los senderos son moderados; Ideal para clientes en forma o peque\u00f1os grupos corporativos que buscan actividades en equipo.<\/li>\n<\/ul>\n<p data-start=\"3613\" data-end=\"3635\"><strong data-start=\"3613\" data-end=\"3633\">Village de Mura:<\/strong><\/p>\n<ul>\n<li data-start=\"3638\" data-end=\"3735\">Un encantador pueblo de piedra en el extremo sur del parque, perfecto para almorzar y dar paseos de ocio.<\/li>\n<li data-start=\"3738\" data-end=\"3804\">Los restaurantes locales sirven cocina catalana (pruebe los cal\u00e7ots de temporada).<\/li>\n<\/ul>\n<p data-start=\"3806\" data-end=\"3845\"><strong data-start=\"3806\" data-end=\"3843\">Centro de Visitantes del Coll d'Estenalles:<\/strong><\/p>\n<ul>\n<li data-start=\"3848\" data-end=\"3918\">Proporciona mapas, informaci\u00f3n sobre senderos, exhibiciones sobre la geolog\u00eda y la flora del parque.<\/li>\n<\/ul>\n<p data-start=\"3920\" data-end=\"3953\"><strong data-start=\"3920\" data-end=\"3951\">Fotograf\u00eda y paradas esc\u00e9nicas:<\/strong><\/p>\n<ul>\n<li data-start=\"3956\" data-end=\"4060\">Los valles en terrazas, las flores silvestres en primavera y los panoramas del atardecer son excelentes paradas para tomar fotograf\u00edas en el camino.<\/li>\n<\/ul>\n<hr data-start=\"4062\" data-end=\"4065\" \/>\n<h3 data-start=\"4067\" data-end=\"4102\">5. Consejos pr\u00e1cticos para clientes<\/h3>\n<ul>\n<li data-start=\"4106\" data-end=\"4162\" class=\"translation-block\"><strong data-start=\"4106\" data-end=\"4119\">Calzado:<\/strong> Se recomiendan zapatos de trail o botas de monta\u00f1a.<\/li>\n<li data-start=\"4165\" data-end=\"4232\" class=\"translation-block\"><strong data-start=\"4165\" data-end=\"4178\">Ropa:<\/strong> Trajes en capas; Imprescindible protecci\u00f3n contra el viento y el sol.<\/li>\n<li data-start=\"4235\" data-end=\"4283\" class=\"translation-block\"><strong data-start=\"4235\" data-end=\"4254\">Agua y snacks:<\/strong> Pocas tiendas dentro del parque.<\/li>\n<li data-start=\"4286\" data-end=\"4359\" class=\"translation-block\"><strong data-start=\"4286\" data-end=\"4298\">Tiempo:<\/strong> Agradable primavera a oto\u00f1o; El invierno puede ser fresco en altitud.<\/li>\n<li data-start=\"4362\" data-end=\"4456\" class=\"translation-block\"><strong data-start=\"4362\" data-end=\"4380\">Comunicaci\u00f3n:<\/strong> El conductor y el cliente deben confirmar la hora de encuentro y el punto de recogida antes de la caminata.<\/li>\n<li data-start=\"4459\" data-end=\"4547\" class=\"translation-block\"><strong data-start=\"4459\" data-end=\"4477\">Accesibilidad:<\/strong> Senderos moderados; Caminatas m\u00e1s cortas disponibles para viajeros menos activos.<\/li>\n<\/ul>\n<p><img decoding=\"async\" class=\"alignnone size-full wp-image-7543\" src=\"https:\/\/transferbarcelonalux.com\/wp-content\/uploads\/2025\/10\/OIP.webp\" alt=\"corporate transfers Catalonia\" width=\"474\" height=\"295\" srcset=\"https:\/\/transferbarcelonalux.com\/wp-content\/uploads\/2025\/10\/OIP.webp 474w, https:\/\/transferbarcelonalux.com\/wp-content\/uploads\/2025\/10\/OIP-300x187.webp 300w, https:\/\/transferbarcelonalux.com\/wp-content\/uploads\/2025\/10\/OIP-18x12.webp 18w\" sizes=\"(max-width: 474px) 100vw, 474px\" \/><\/p>\n<hr data-start=\"4549\" data-end=\"4552\" \/>\n<h3 data-start=\"4554\" data-end=\"4591\">6. Mejor temporada y audiencia ideal<\/h3>\n<p data-start=\"4593\" data-end=\"4611\"><strong data-start=\"4593\" data-end=\"4608\">Cu\u00e1ndo ir:<\/strong><\/p>\n<ul>\n<li data-start=\"4614\" data-end=\"4690\">Primavera (marzo-junio) y oto\u00f1o (septiembre-noviembre) para temperaturas suaves.<\/li>\n<li data-start=\"4693\" data-end=\"4742\">Se recomiendan salidas temprano por la ma\u00f1ana en verano.<\/li>\n<\/ul>\n<p data-start=\"4744\" data-end=\"4760\"><strong data-start=\"4744\" data-end=\"4757\">Para qui\u00e9n:<\/strong><\/p>\n<ul>\n<li data-start=\"4763\" data-end=\"4828\">Grupos corporativos o ejecutivos que buscan actividades al aire libre en equipo.<\/li>\n<li data-start=\"4831\" data-end=\"4899\">Parejas y familias que desean una escapada corta a la naturaleza de Barcelona.<\/li>\n<li data-start=\"4902\" data-end=\"4960\">Viajeros activos que disfrutan de la fotograf\u00eda o el senderismo suave.<\/li>\n<\/ul>\n<hr data-start=\"4962\" data-end=\"4965\" \/>\n<h3 data-start=\"4967\" data-end=\"4998\">7. Usefull links<\/h3>\n<ul>\n<li data-start=\"5024\" data-end=\"5070\"><a href=\"\/es\/booking\/\">traslado privado Barcelona<\/a><\/li>\n<li data-start=\"5073\" data-end=\"5131\"><a href=\"https:\/\/transferbarcelonalux.com\/es\/corporate-transfers-in-barcelona-business-travel\/\">corporate chauffeur service<\/a><\/li>\n<li data-start=\"5134\" data-end=\"5184\"><a href=\"https:\/\/transferbarcelonalux.com\/es\/top-8-destinations-in-catalonia-best-day-trips-from-barcelona\/\">other day trips from Barcelona<\/a><\/li>\n<li data-start=\"5256\" data-end=\"5381\"><a class=\"decorated-link cursor-pointer\" href=\"https:\/\/turismevalles.com\/es\/\" target=\"_new\" rel=\"noopener\" data-start=\"5256\" data-end=\"5379\">turismevalles.com<\/a><\/li>\n<li data-start=\"5384\" data-end=\"5507\"><a class=\"decorated-link cursor-pointer\" href=\"http:\/\/catalunya.com\" target=\"_new\" rel=\"noopener\" data-start=\"5384\" data-end=\"5505\">catalunya.com<\/a><\/li>\n<\/ul>\n<hr data-start=\"5605\" data-end=\"5608\" \/>\n<h3 data-start=\"5610\" data-end=\"5646\">8. Conclusi\u00f3n<\/h3>\n<p data-start=\"5648\" data-end=\"5967\">A menos de una hora de Barcelona, Sant Lloren\u00e7 del Munt ofrece a tus clientes una escapada tranquila y exclusiva a la naturaleza sin perder comodidad ni tiempo. Este viaje equilibra el transporte de lujo con los aut\u00e9nticos paisajes catalanes, ideal para grupos corporativos, viajeros VIP o familias que desean aire fresco y vistas espectaculares.<\/p>\n<p data-start=\"5648\" data-end=\"5967\" class=\"translation-block\">\"<a href=\"\/es\/booking\/\" target=\"_self\"><strong>Reserva hoy mismo tu traslado privado a Sant Lloren\u00e7<\/strong><\/a> del Munt. Nuestro chofer se encargar\u00e1 de todo, desde la recogida hasta el acceso a la monta\u00f1a, para que pueda disfrutar de la belleza natural de Catalu\u00f1a sin estr\u00e9s\".<\/p>","protected":false},"excerpt":{"rendered":"<p>1. Discover transfer to Sant Lloren\u00e7 del Munt Natural Park from Barcelona and back If you\u2019re looking for a close-to-Barcelona escape filled with towering cliffs, mountain peaks, and panoramic views, the Sant Lloren\u00e7 del Munt i l\u2019Obac Natural Park is an ideal choice. Located just 45 minutes from the city, this protected area offers an &hellip; <\/p>\n<p class=\"link-more\"><a href=\"https:\/\/transferbarcelonalux.com\/es\/sant-llorenc-del-munt-natural-park-private-transfers\/\" class=\"more-link\">Leer m\u00e1s<span class=\"screen-reader-text\"> \u00abSant Lloren\u00e7 del Munt Natural Park Day Trip | Private Transfer from Barcelona\u00bb<\/span><\/a><\/p>","protected":false},"author":2,"featured_media":7541,"parent":0,"menu_order":0,"comment_status":"closed","ping_status":"closed","template":"","meta":{"footnotes":""},"class_list":["post-7540","page","type-page","status-publish","has-post-thumbnail","hentry"],"yoast_head":"<!-- This site is optimized with the Yoast SEO plugin v27.4 - https:\/\/yoast.com\/product\/yoast-seo-wordpress\/ -->\n<title>Sant Lloren\u00e7 del Munt Natural Park Day Trip | Private Transfer from Barcelona - Transfer Barcelona lux car<\/title>\n<meta name=\"description\" content=\"Discover Sant Lloren\u00e7 Natural Park near Barcelona with a private chauffeur. Hike to the Monastery of Montserrat, enjoy cliffs and comfort.\" \/>\n<meta name=\"robots\" content=\"index, follow, max-snippet:-1, max-image-preview:large, max-video-preview:-1\" \/>\n<link rel=\"canonical\" href=\"https:\/\/transferbarcelonalux.com\/es\/sant-llorenc-del-munt-natural-park-private-transfers\/\" \/>\n<meta property=\"og:locale\" content=\"es_ES\" \/>\n<meta property=\"og:type\" content=\"article\" \/>\n<meta property=\"og:title\" content=\"Sant Lloren\u00e7 del Munt Natural Park Day Trip | Private Transfer from Barcelona - Transfer Barcelona lux car\" \/>\n<meta property=\"og:description\" content=\"Discover Sant Lloren\u00e7 Natural Park near Barcelona with a private chauffeur. Hike to the Monastery of Montserrat, enjoy cliffs and comfort.\" \/>\n<meta property=\"og:url\" content=\"https:\/\/transferbarcelonalux.com\/es\/sant-llorenc-del-munt-natural-park-private-transfers\/\" \/>\n<meta property=\"og:site_name\" content=\"Transfer Barcelona lux car\" \/>\n<meta property=\"og:image\" content=\"https:\/\/transferbarcelonalux.com\/wp-content\/uploads\/2025\/10\/51721852604_a16cdd70eb_b.jpg\" \/>\n\t<meta property=\"og:image:width\" content=\"1024\" \/>\n\t<meta property=\"og:image:height\" content=\"768\" \/>\n\t<meta property=\"og:image:type\" content=\"image\/jpeg\" \/>\n<meta name=\"twitter:card\" content=\"summary_large_image\" \/>\n<meta name=\"twitter:label1\" content=\"Tiempo de lectura\" \/>\n\t<meta name=\"twitter:data1\" content=\"4 minutos\" \/>\n<script type=\"application\/ld+json\" class=\"yoast-schema-graph\">{\"@context\":\"https:\\\/\\\/schema.org\",\"@graph\":[{\"@type\":\"WebPage\",\"@id\":\"https:\\\/\\\/transferbarcelonalux.com\\\/sant-llorenc-del-munt-natural-park-private-transfers\\\/\",\"url\":\"https:\\\/\\\/transferbarcelonalux.com\\\/sant-llorenc-del-munt-natural-park-private-transfers\\\/\",\"name\":\"Sant Lloren\u00e7 del Munt Natural Park Day Trip | Private Transfer from Barcelona - Transfer Barcelona lux car\",\"isPartOf\":{\"@id\":\"https:\\\/\\\/transferbarcelonalux.com\\\/es\\\/#website\"},\"primaryImageOfPage\":{\"@id\":\"https:\\\/\\\/transferbarcelonalux.com\\\/sant-llorenc-del-munt-natural-park-private-transfers\\\/#primaryimage\"},\"image\":{\"@id\":\"https:\\\/\\\/transferbarcelonalux.com\\\/sant-llorenc-del-munt-natural-park-private-transfers\\\/#primaryimage\"},\"thumbnailUrl\":\"https:\\\/\\\/transferbarcelonalux.com\\\/wp-content\\\/uploads\\\/2025\\\/10\\\/51721852604_a16cdd70eb_b.jpg\",\"datePublished\":\"2025-10-08T13:56:49+00:00\",\"description\":\"Discover Sant Lloren\u00e7 Natural Park near Barcelona with a private chauffeur. Hike to the Monastery of Montserrat, enjoy cliffs and comfort.\",\"breadcrumb\":{\"@id\":\"https:\\\/\\\/transferbarcelonalux.com\\\/sant-llorenc-del-munt-natural-park-private-transfers\\\/#breadcrumb\"},\"inLanguage\":\"es\",\"potentialAction\":[{\"@type\":\"ReadAction\",\"target\":[\"https:\\\/\\\/transferbarcelonalux.com\\\/sant-llorenc-del-munt-natural-park-private-transfers\\\/\"]}]},{\"@type\":\"ImageObject\",\"inLanguage\":\"es\",\"@id\":\"https:\\\/\\\/transferbarcelonalux.com\\\/sant-llorenc-del-munt-natural-park-private-transfers\\\/#primaryimage\",\"url\":\"https:\\\/\\\/transferbarcelonalux.com\\\/wp-content\\\/uploads\\\/2025\\\/10\\\/51721852604_a16cdd70eb_b.jpg\",\"contentUrl\":\"https:\\\/\\\/transferbarcelonalux.com\\\/wp-content\\\/uploads\\\/2025\\\/10\\\/51721852604_a16cdd70eb_b.jpg\",\"width\":1024,\"height\":768,\"caption\":\"Barcelona chauffeur service\"},{\"@type\":\"BreadcrumbList\",\"@id\":\"https:\\\/\\\/transferbarcelonalux.com\\\/sant-llorenc-del-munt-natural-park-private-transfers\\\/#breadcrumb\",\"itemListElement\":[{\"@type\":\"ListItem\",\"position\":1,\"name\":\"Home\",\"item\":\"https:\\\/\\\/transferbarcelonalux.com\\\/\"},{\"@type\":\"ListItem\",\"position\":2,\"name\":\"Sant Lloren\u00e7 del Munt Natural Park Day Trip | Private Transfer from Barcelona\"}]},{\"@type\":\"WebSite\",\"@id\":\"https:\\\/\\\/transferbarcelonalux.com\\\/es\\\/#website\",\"url\":\"https:\\\/\\\/transferbarcelonalux.com\\\/es\\\/\",\"name\":\"Transfer Barcelona lux\",\"description\":\"Your transfer across Barcelona\",\"alternateName\":\"Your lux transfer in Barcelona\",\"potentialAction\":[{\"@type\":\"SearchAction\",\"target\":{\"@type\":\"EntryPoint\",\"urlTemplate\":\"https:\\\/\\\/transferbarcelonalux.com\\\/es\\\/?s={search_term_string}\"},\"query-input\":{\"@type\":\"PropertyValueSpecification\",\"valueRequired\":true,\"valueName\":\"search_term_string\"}}],\"inLanguage\":\"es\"}]}<\/script>\n<!-- \/ Yoast SEO plugin. -->","yoast_head_json":{"title":"Sant Lloren\u00e7 del Munt Natural Park Day Trip | Private Transfer from Barcelona - Transfer Barcelona lux car","description":"Discover Sant Lloren\u00e7 Natural Park near Barcelona with a private chauffeur. Hike to the Monastery of Montserrat, enjoy cliffs and comfort.","robots":{"index":"index","follow":"follow","max-snippet":"max-snippet:-1","max-image-preview":"max-image-preview:large","max-video-preview":"max-video-preview:-1"},"canonical":"https:\/\/transferbarcelonalux.com\/es\/sant-llorenc-del-munt-natural-park-private-transfers\/","og_locale":"es_ES","og_type":"article","og_title":"Sant Lloren\u00e7 del Munt Natural Park Day Trip | Private Transfer from Barcelona - Transfer Barcelona lux car","og_description":"Discover Sant Lloren\u00e7 Natural Park near Barcelona with a private chauffeur. Hike to the Monastery of Montserrat, enjoy cliffs and comfort.","og_url":"https:\/\/transferbarcelonalux.com\/es\/sant-llorenc-del-munt-natural-park-private-transfers\/","og_site_name":"Transfer Barcelona lux car","og_image":[{"width":1024,"height":768,"url":"https:\/\/transferbarcelonalux.com\/wp-content\/uploads\/2025\/10\/51721852604_a16cdd70eb_b.jpg","type":"image\/jpeg"}],"twitter_card":"summary_large_image","twitter_misc":{"Tiempo de lectura":"4 minutos"},"schema":{"@context":"https:\/\/schema.org","@graph":[{"@type":"WebPage","@id":"https:\/\/transferbarcelonalux.com\/sant-llorenc-del-munt-natural-park-private-transfers\/","url":"https:\/\/transferbarcelonalux.com\/sant-llorenc-del-munt-natural-park-private-transfers\/","name":"Sant Lloren\u00e7 del Munt Natural Park Day Trip | Private Transfer from Barcelona - Transfer Barcelona lux car","isPartOf":{"@id":"https:\/\/transferbarcelonalux.com\/es\/#website"},"primaryImageOfPage":{"@id":"https:\/\/transferbarcelonalux.com\/sant-llorenc-del-munt-natural-park-private-transfers\/#primaryimage"},"image":{"@id":"https:\/\/transferbarcelonalux.com\/sant-llorenc-del-munt-natural-park-private-transfers\/#primaryimage"},"thumbnailUrl":"https:\/\/transferbarcelonalux.com\/wp-content\/uploads\/2025\/10\/51721852604_a16cdd70eb_b.jpg","datePublished":"2025-10-08T13:56:49+00:00","description":"Discover Sant Lloren\u00e7 Natural Park near Barcelona with a private chauffeur. Hike to the Monastery of Montserrat, enjoy cliffs and comfort.","breadcrumb":{"@id":"https:\/\/transferbarcelonalux.com\/sant-llorenc-del-munt-natural-park-private-transfers\/#breadcrumb"},"inLanguage":"es","potentialAction":[{"@type":"ReadAction","target":["https:\/\/transferbarcelonalux.com\/sant-llorenc-del-munt-natural-park-private-transfers\/"]}]},{"@type":"ImageObject","inLanguage":"es","@id":"https:\/\/transferbarcelonalux.com\/sant-llorenc-del-munt-natural-park-private-transfers\/#primaryimage","url":"https:\/\/transferbarcelonalux.com\/wp-content\/uploads\/2025\/10\/51721852604_a16cdd70eb_b.jpg","contentUrl":"https:\/\/transferbarcelonalux.com\/wp-content\/uploads\/2025\/10\/51721852604_a16cdd70eb_b.jpg","width":1024,"height":768,"caption":"Barcelona chauffeur service"},{"@type":"BreadcrumbList","@id":"https:\/\/transferbarcelonalux.com\/sant-llorenc-del-munt-natural-park-private-transfers\/#breadcrumb","itemListElement":[{"@type":"ListItem","position":1,"name":"Home","item":"https:\/\/transferbarcelonalux.com\/"},{"@type":"ListItem","position":2,"name":"Sant Lloren\u00e7 del Munt Natural Park Day Trip | Private Transfer from Barcelona"}]},{"@type":"WebSite","@id":"https:\/\/transferbarcelonalux.com\/es\/#website","url":"https:\/\/transferbarcelonalux.com\/es\/","name":"Transfer Barcelona lux","description":"Your transfer across Barcelona","alternateName":"Your lux transfer in Barcelona","potentialAction":[{"@type":"SearchAction","target":{"@type":"EntryPoint","urlTemplate":"https:\/\/transferbarcelonalux.com\/es\/?s={search_term_string}"},"query-input":{"@type":"PropertyValueSpecification","valueRequired":true,"valueName":"search_term_string"}}],"inLanguage":"es"}]}},"_links":{"self":[{"href":"https:\/\/transferbarcelonalux.com\/es\/wp-json\/wp\/v2\/pages\/7540","targetHints":{"allow":["GET"]}}],"collection":[{"href":"https:\/\/transferbarcelonalux.com\/es\/wp-json\/wp\/v2\/pages"}],"about":[{"href":"https:\/\/transferbarcelonalux.com\/es\/wp-json\/wp\/v2\/types\/page"}],"author":[{"embeddable":true,"href":"https:\/\/transferbarcelonalux.com\/es\/wp-json\/wp\/v2\/users\/2"}],"replies":[{"embeddable":true,"href":"https:\/\/transferbarcelonalux.com\/es\/wp-json\/wp\/v2\/comments?post=7540"}],"version-history":[{"count":1,"href":"https:\/\/transferbarcelonalux.com\/es\/wp-json\/wp\/v2\/pages\/7540\/revisions"}],"predecessor-version":[{"id":7544,"href":"https:\/\/transferbarcelonalux.com\/es\/wp-json\/wp\/v2\/pages\/7540\/revisions\/7544"}],"wp:featuredmedia":[{"embeddable":true,"href":"https:\/\/transferbarcelonalux.com\/es\/wp-json\/wp\/v2\/media\/7541"}],"wp:attachment":[{"href":"https:\/\/transferbarcelonalux.com\/es\/wp-json\/wp\/v2\/media?parent=7540"}],"curies":[{"name":"wp","href":"https:\/\/api.w.org\/{rel}","templated":true}]}}